{"id":1446,"date":"2017-09-20T11:47:54","date_gmt":"2017-09-20T11:47:54","guid":{"rendered":"http:\/\/zgnew.ivanmiljanic.com\/?page_id=1446"},"modified":"2017-09-25T11:50:04","modified_gmt":"2017-09-25T11:50:04","slug":"zglobex-relax","status":"publish","type":"page","link":"https:\/\/zglobex.com\/en\/zglobex-relax\/","title":{"rendered":"Zglobex Relax"},"content":{"rendered":"<p>[vc_row][vc_column][vc_column_text]<img loading=\"lazy\" decoding=\"async\" class=\"alignright wp-image-1102 size-full\" src=\"http:\/\/zglobex.com\/wp-content\/uploads\/2017\/09\/Zglobex-relax-ENG.png\" alt=\"\" width=\"400\" height=\"264\" \/>When we experience a sudden and powerful muscle contraction, that happens by its own free will, we call that a muscle cramp, or spasm. This cramping may last from a few seconds to few minutes and usually is very painful and unpleasant feeling. It most affects leg muscles, such as calves in the legs.<\/p>\n<p>Why do muscle cramps develop? Cramps usually develop due to excessive training, in pregnancy, after long periods of standing or sitting down, due to low exposure to low temperatures especially to icy water. However, regardless the cause, in its core lies nervous impulse misconnections due to mineral imbalance in the muscle tissue.<\/p>\n<p>If the cramps mostly occur during night time and are fairly regular, the most probable cause is restless leg syndrome. This unpleasant condition makes it difficult to fall asleep, creates tension and restlessness and lowers the quality of life.[\/vc_column_text][\/vc_column][\/vc_row][vc_row full_width=&#8221;stretch_row&#8221; css=&#8221;.vc_custom_1505822847829{background-color: #901939 !important;}&#8221;][vc_column][vc_column_text]<\/p>\n<div style=\"color: white;\">\n<h3 style=\"font-size: 35px; color: white;\">What is ZGLOBEX relax?<\/h3>\n<p>Although most of the time they do not pose serious medical conditions, repeated cramps act negatively to sleep, daily mood and disable normal everyday performance. Therefore, one should always have nearby a product for muscle recovery; electrical balancing factor for the muscle tissue, that will ease the cramp and relieve the pain.<\/p>\n<p>Muscle contraction is a result of complicated biochemical processes. For each contraction to occur, magnesium is necessary. When the body has magnesium deficiency, muscles tend to stay in the state of prolonged contraction often felt as cramping and strong pain, and sometimes skin develops indentations and plications due to muscle deformity.<\/p>\n<\/div>\n<p>[\/vc_column_text][\/vc_column][\/vc_row][vc_row full_width=&#8221;stretch_row&#8221; css=&#8221;.vc_custom_1505821976240{background-color: #ffffff !important;}&#8221;][vc_column][vc_column_text]<\/p>\n<h3 style=\"font-size: 35px;\">How does it work?<\/h3>\n<p>ZGLOBEX\u00ae relax capsules act on several levels and effectively stop cramp formation in few different ways.<\/p>\n<p><strong>Liposomal magnesium<\/strong><\/p>\n<p>Magnesium deficiency in the body is one of the leading causes of cramping, for it directly provides energy for the muscles and ensures its normal contraction. Magnesium in Zglobex\u00ae Relax capsules is unique due to its liposomal membrane that enables its fast and complete absorption into the body, also remaining inside for a longer period. It does not possess a so called \u201cmetallic\u201d taste that are characteristic for elemental magnesium.<\/p>\n<p><strong>Vitamin K2 in form of MK7 with superior bioavailability<\/strong><\/p>\n<p>In older people, as well as in younger population with a genetic predisposition for blood vessel deposit formation, one of the cramp causes is poor circulation. For a normal muscle work, good circulation is necessary, because oxygen, glucose and minerals are delivered to the tissue through blood. With poor circulation, there is not enough substances needed for a normal contraction, while waste keeps accumulating.<br \/>\nVitamin K2 &#8211; MK7 inside ZGLOBEX\u00ae relax capsules protects blood vessels from fatty deposits and enhances circulation and maintains elasticity of the blood vessels. New studies show that K2-MK7 helps diminish pain, frequency and duration of cramps.<\/p>\n<p><strong>Vitamin B6<\/strong><\/p>\n<p>Vitamin B6 is very important for development and normal function of nerves that transport impulses from the brain to the muscles. In cases of vitamin B6 deficiencies, an overstimulation occurs, and cramps develop inside the muscles. Therefore, additional intake of Vitamin B6 is recommended for persons having trouble with cramps, especially night cramps. ZGLOBEX\u00ae relax capsules connect and feed nerves and muscles, enabling normal muscle and nerve function.<\/p>\n<p>Vitamin B6 je veoma zna\u010dajan za izgradnju i normalno funkcionisanje nerava koji prenose impulse od mozga do mi\u0161i\u0107a. U nedostatku vitamina B6 dolazi do preterane stimulacije i gr\u010denja mi\u0161i\u0107a. Zbog toga se osobama koje imaju probleme sa gr\u010devima, naro\u010dito no\u0107nim, preporu\u010duje dodatni unos B6. ZGLOBEX\u00ae relax kapsule ishranjuju i nerve i mi\u0161i\u0107e omogu\u0107avaju\u0107i normalan rad.[\/vc_column_text][\/vc_column][\/vc_row][vc_row full_width=&#8221;stretch_row&#8221; css=&#8221;.vc_custom_1505822847829{background-color: #901939 !important;}&#8221;][vc_column][vc_column_text]<\/p>\n<div style=\"color: white;\">\n<h3 style=\"font-size: 35px; color: white;\">Who is it for?<\/h3>\n<p>Zglobex<sup>\u00ae<\/sup>\u00a0relax capsules are recommended for establishing biochemical balance in nerves and muscles, pain and cramping reduction. Regular use is recommended for following persons:<\/p>\n<ul>\n<li>That endure long standing or sitting down periods<\/li>\n<li>That practice regularly and\/or are under great physical stress<\/li>\n<li>That are under a lot of stress<\/li>\n<li>That have damaged or deposited blood vessels<\/li>\n<li>That are prone to dehydration leading to mineral disbalance<\/li>\n<li>That do not take enough vitamins and minerals in their regular diet<\/li>\n<\/ul>\n<\/div>\n<p>[\/vc_column_text][\/vc_column][\/vc_row][vc_row full_width=&#8221;stretch_row&#8221; css=&#8221;.vc_custom_1505821976240{background-color: #ffffff !important;}&#8221;][vc_column][vc_column_text]<\/p>\n<h3>Recommendation for use:<\/h3>\n<p>One to two capsules a day.[\/vc_column_text][\/vc_column][\/vc_row]<\/p>\n","protected":false},"excerpt":{"rendered":"<p>[vc_row][vc_column][vc_column_text]When we experience a sudden and powerful muscle contraction, that happens by its own free will, we call that a muscle cramp, &hellip;<\/p>\n","protected":false},"author":10,"featured_media":0,"parent":0,"menu_order":0,"comment_status":"closed","ping_status":"closed","template":"","meta":{"inline_featured_image":false,"footnotes":""},"class_list":["post-1446","page","type-page","status-publish","hentry"],"yoast_head":"<!-- This site is optimized with the Yoast SEO plugin v27.4 - https:\/\/yoast.com\/product\/yoast-seo-wordpress\/ -->\n<title>Zglobex Relax - Zglobex<\/title>\n<meta name=\"robots\" content=\"index, follow, max-snippet:-1, max-image-preview:large, max-video-preview:-1\" \/>\n<link rel=\"canonical\" href=\"https:\/\/zglobex.com\/en\/zglobex-relax\/\" \/>\n<meta property=\"og:locale\" content=\"en_US\" \/>\n<meta property=\"og:type\" content=\"article\" \/>\n<meta property=\"og:title\" content=\"Zglobex Relax - Zglobex\" \/>\n<meta property=\"og:description\" content=\"[vc_row][vc_column][vc_column_text]When we experience a sudden and powerful muscle contraction, that happens by its own free will, we call that a muscle cramp, &hellip;\" \/>\n<meta property=\"og:url\" content=\"https:\/\/zglobex.com\/en\/zglobex-relax\/\" \/>\n<meta property=\"og:site_name\" content=\"Zglobex\" \/>\n<meta property=\"article:modified_time\" content=\"2017-09-25T11:50:04+00:00\" \/>\n<meta property=\"og:image\" content=\"http:\/\/zglobex.com\/wp-content\/uploads\/2017\/09\/Zglobex-relax-ENG.png\" \/>\n<meta name=\"twitter:card\" content=\"summary_large_image\" \/>\n<meta name=\"twitter:label1\" content=\"Est. reading time\" \/>\n\t<meta name=\"twitter:data1\" content=\"4 minutes\" \/>\n<script type=\"application\/ld+json\" class=\"yoast-schema-graph\">{\"@context\":\"https:\\\/\\\/schema.org\",\"@graph\":[{\"@type\":\"WebPage\",\"@id\":\"https:\\\/\\\/zglobex.com\\\/en\\\/zglobex-relax\\\/\",\"url\":\"https:\\\/\\\/zglobex.com\\\/en\\\/zglobex-relax\\\/\",\"name\":\"Zglobex Relax - Zglobex\",\"isPartOf\":{\"@id\":\"https:\\\/\\\/zglobex.com\\\/en\\\/#website\"},\"primaryImageOfPage\":{\"@id\":\"https:\\\/\\\/zglobex.com\\\/en\\\/zglobex-relax\\\/#primaryimage\"},\"image\":{\"@id\":\"https:\\\/\\\/zglobex.com\\\/en\\\/zglobex-relax\\\/#primaryimage\"},\"thumbnailUrl\":\"http:\\\/\\\/zglobex.com\\\/wp-content\\\/uploads\\\/2017\\\/09\\\/Zglobex-relax-ENG.png\",\"datePublished\":\"2017-09-20T11:47:54+00:00\",\"dateModified\":\"2017-09-25T11:50:04+00:00\",\"breadcrumb\":{\"@id\":\"https:\\\/\\\/zglobex.com\\\/en\\\/zglobex-relax\\\/#breadcrumb\"},\"inLanguage\":\"en-US\",\"potentialAction\":[{\"@type\":\"ReadAction\",\"target\":[\"https:\\\/\\\/zglobex.com\\\/en\\\/zglobex-relax\\\/\"]}]},{\"@type\":\"ImageObject\",\"inLanguage\":\"en-US\",\"@id\":\"https:\\\/\\\/zglobex.com\\\/en\\\/zglobex-relax\\\/#primaryimage\",\"url\":\"http:\\\/\\\/zglobex.com\\\/wp-content\\\/uploads\\\/2017\\\/09\\\/Zglobex-relax-ENG.png\",\"contentUrl\":\"http:\\\/\\\/zglobex.com\\\/wp-content\\\/uploads\\\/2017\\\/09\\\/Zglobex-relax-ENG.png\"},{\"@type\":\"BreadcrumbList\",\"@id\":\"https:\\\/\\\/zglobex.com\\\/en\\\/zglobex-relax\\\/#breadcrumb\",\"itemListElement\":[{\"@type\":\"ListItem\",\"position\":1,\"name\":\"Home\",\"item\":\"https:\\\/\\\/zglobex.com\\\/en\\\/\"},{\"@type\":\"ListItem\",\"position\":2,\"name\":\"Zglobex Relax\"}]},{\"@type\":\"WebSite\",\"@id\":\"https:\\\/\\\/zglobex.com\\\/en\\\/#website\",\"url\":\"https:\\\/\\\/zglobex.com\\\/en\\\/\",\"name\":\"Zglobex\",\"description\":\"Za aktivan, i dan bez bola\",\"potentialAction\":[{\"@type\":\"SearchAction\",\"target\":{\"@type\":\"EntryPoint\",\"urlTemplate\":\"https:\\\/\\\/zglobex.com\\\/en\\\/?s={search_term_string}\"},\"query-input\":{\"@type\":\"PropertyValueSpecification\",\"valueRequired\":true,\"valueName\":\"search_term_string\"}}],\"inLanguage\":\"en-US\"}]}<\/script>\n<!-- \/ Yoast SEO plugin. -->","yoast_head_json":{"title":"Zglobex Relax - Zglobex","robots":{"index":"index","follow":"follow","max-snippet":"max-snippet:-1","max-image-preview":"max-image-preview:large","max-video-preview":"max-video-preview:-1"},"canonical":"https:\/\/zglobex.com\/en\/zglobex-relax\/","og_locale":"en_US","og_type":"article","og_title":"Zglobex Relax - Zglobex","og_description":"[vc_row][vc_column][vc_column_text]When we experience a sudden and powerful muscle contraction, that happens by its own free will, we call that a muscle cramp, &hellip;","og_url":"https:\/\/zglobex.com\/en\/zglobex-relax\/","og_site_name":"Zglobex","article_modified_time":"2017-09-25T11:50:04+00:00","og_image":[{"url":"http:\/\/zglobex.com\/wp-content\/uploads\/2017\/09\/Zglobex-relax-ENG.png","type":"","width":"","height":""}],"twitter_card":"summary_large_image","twitter_misc":{"Est. reading time":"4 minutes"},"schema":{"@context":"https:\/\/schema.org","@graph":[{"@type":"WebPage","@id":"https:\/\/zglobex.com\/en\/zglobex-relax\/","url":"https:\/\/zglobex.com\/en\/zglobex-relax\/","name":"Zglobex Relax - Zglobex","isPartOf":{"@id":"https:\/\/zglobex.com\/en\/#website"},"primaryImageOfPage":{"@id":"https:\/\/zglobex.com\/en\/zglobex-relax\/#primaryimage"},"image":{"@id":"https:\/\/zglobex.com\/en\/zglobex-relax\/#primaryimage"},"thumbnailUrl":"http:\/\/zglobex.com\/wp-content\/uploads\/2017\/09\/Zglobex-relax-ENG.png","datePublished":"2017-09-20T11:47:54+00:00","dateModified":"2017-09-25T11:50:04+00:00","breadcrumb":{"@id":"https:\/\/zglobex.com\/en\/zglobex-relax\/#breadcrumb"},"inLanguage":"en-US","potentialAction":[{"@type":"ReadAction","target":["https:\/\/zglobex.com\/en\/zglobex-relax\/"]}]},{"@type":"ImageObject","inLanguage":"en-US","@id":"https:\/\/zglobex.com\/en\/zglobex-relax\/#primaryimage","url":"http:\/\/zglobex.com\/wp-content\/uploads\/2017\/09\/Zglobex-relax-ENG.png","contentUrl":"http:\/\/zglobex.com\/wp-content\/uploads\/2017\/09\/Zglobex-relax-ENG.png"},{"@type":"BreadcrumbList","@id":"https:\/\/zglobex.com\/en\/zglobex-relax\/#breadcrumb","itemListElement":[{"@type":"ListItem","position":1,"name":"Home","item":"https:\/\/zglobex.com\/en\/"},{"@type":"ListItem","position":2,"name":"Zglobex Relax"}]},{"@type":"WebSite","@id":"https:\/\/zglobex.com\/en\/#website","url":"https:\/\/zglobex.com\/en\/","name":"Zglobex","description":"Za aktivan, i dan bez bola","potentialAction":[{"@type":"SearchAction","target":{"@type":"EntryPoint","urlTemplate":"https:\/\/zglobex.com\/en\/?s={search_term_string}"},"query-input":{"@type":"PropertyValueSpecification","valueRequired":true,"valueName":"search_term_string"}}],"inLanguage":"en-US"}]}},"_links":{"self":[{"href":"https:\/\/zglobex.com\/en\/wp-json\/wp\/v2\/pages\/1446","targetHints":{"allow":["GET"]}}],"collection":[{"href":"https:\/\/zglobex.com\/en\/wp-json\/wp\/v2\/pages"}],"about":[{"href":"https:\/\/zglobex.com\/en\/wp-json\/wp\/v2\/types\/page"}],"author":[{"embeddable":true,"href":"https:\/\/zglobex.com\/en\/wp-json\/wp\/v2\/users\/10"}],"replies":[{"embeddable":true,"href":"https:\/\/zglobex.com\/en\/wp-json\/wp\/v2\/comments?post=1446"}],"version-history":[{"count":4,"href":"https:\/\/zglobex.com\/en\/wp-json\/wp\/v2\/pages\/1446\/revisions"}],"predecessor-version":[{"id":1513,"href":"https:\/\/zglobex.com\/en\/wp-json\/wp\/v2\/pages\/1446\/revisions\/1513"}],"wp:attachment":[{"href":"https:\/\/zglobex.com\/en\/wp-json\/wp\/v2\/media?parent=1446"}],"curies":[{"name":"wp","href":"https:\/\/api.w.org\/{rel}","templated":true}]}}